{"id":111,"date":"2019-11-26T12:23:06","date_gmt":"2019-11-26T12:23:06","guid":{"rendered":"https:\/\/demosites.io\/blogger-gb\/?page_id=6"},"modified":"2024-01-11T09:54:42","modified_gmt":"2024-01-11T09:54:42","slug":"582c1-blogger-gb-about","status":"publish","type":"page","link":"https:\/\/portugalizar.com\/sv\/582c1-blogger-gb-about\/","title":{"rendered":"Om oss"},"content":{"rendered":"<h2 class=\"wp-block-heading\" id=\"ola\">Ol\u00e1!<\/h2>\n\n\n<div class=\"wp-block-image is-style-default animated fadeIn\">\n<figure class=\"alignright size-full\"><img data-recalc-dims=\"1\" fetchpriority=\"high\" decoding=\"async\" width=\"450\" height=\"549\" src=\"https:\/\/i0.wp.com\/portugalizar.com\/wp-content\/uploads\/2022\/01\/wjst-bw-450x550-03.png?resize=450%2C549&#038;ssl=1\" alt=\"\" class=\"wp-image-334\" srcset=\"https:\/\/i0.wp.com\/portugalizar.com\/wp-content\/uploads\/2022\/01\/wjst-bw-450x550-03.png?w=450&amp;ssl=1 450w, https:\/\/i0.wp.com\/portugalizar.com\/wp-content\/uploads\/2022\/01\/wjst-bw-450x550-03.png?resize=246%2C300&amp;ssl=1 246w\" sizes=\"(max-width: 450px) 100vw, 450px\" \/><\/figure>\n<\/div>\n\n\n<p class=\"ticss-86fe683b animated fadeIn has\">Vi heter Will Traylor (bak till h\u00f6ger) och Joseph Wisniewski, eller Gui respektive Z\u00e9, som vi kallas h\u00e4r i Portugal. Vi har tv\u00e5 andra som bor med oss, v\u00e5ra Sealyham-kompisar, Tucker (fram till h\u00f6ger) \u00e4r 15 \u00e5r och Saga \u00e4r 12 \u00e5r.<\/p>\n\n\n\n<p class=\"animated fadeIn\">I 40 \u00e5r har jag, Gui, arbetat med fastigheter i New York City, fr\u00e4mst inom \ufb01nansomr\u00e5det men \u00e4ven inom kommunal f\u00f6rvaltning och den ideella sektorn. Z\u00e9 var l\u00e4rare i en kommunal skola och \u00e4r nu pensionerad. Vi har varit gifta i 34 \u00e5r och tillsammans har vi skapat v\u00e5rt hem i New York, f\u00f6rst i Brooklyn och sedan p\u00e5 Manhattan. N\u00e4r Z\u00e9 gick i pension tillbringade vi den mesta tiden i v\u00e5rt andra hem p\u00e5 Cape Cod i Massachusetts; vi trodde att detta skulle bli platsen f\u00f6r resten av v\u00e5ra liv.<\/p>\n\n\n\n<p class=\"animated fadeIn\">I juni 2018 bes\u00f6kte jag Portugal f\u00f6r f\u00f6rsta g\u00e5ngen och bara i tre dagar. Jag beh\u00f6vde inte mer tid, jag var helt f\u00f6r\u00e4lskad. Fyra m\u00e5nader senare, i oktober, \u00e5terv\u00e4nde jag med Z\u00e9 och v\u00e5r v\u00e4n Bill Toner f\u00f6r en l\u00e4ngre vistelse. Jag var p\u00e5 jakt efter ett hus och vi tillbringade en stor del av v\u00e5r tid med att titta p\u00e5 potentiella fastighetsk\u00f6p.  <\/p>\n\n\n\n<p class=\"animated fadeIn\">Vi hade dock gott om tid att njuta av Algarves sk\u00f6nhet, som \u00e4r Portugals sydligaste region. Algarve var v\u00e5r introduktion till det portugisiska folkets \u00f6ppenhet och v\u00e4nlighet. Det var ocks\u00e5 v\u00e5r introduktion till landets mat och vin, dess historia, spr\u00e5k, kultur och sedv\u00e4njor.<\/p>\n\n\n\n<p class=\"animated fadeIn\">Vi vandrade l\u00e4ngs smala, gamla gator som hade v\u00e4lkomnat tusentals bes\u00f6kare fr\u00e5n feniciska k\u00f6pm\u00e4n till romerska legion\u00e4rer, moriska poeter och medeltida kristna munkar. Vi s\u00e4nkte f\u00f6tterna i den varma sandstranden vid Ilha de Tavira och stirrade med stora \u00f6gon p\u00e5 den brusande Atlantens o\u00e4ndliga vidd. Vi s\u00e5g med f\u00f6rundran p\u00e5 n\u00e4r de enorma \ufb02ockarna fr\u00e5n \ufb02amingos dansade och paraderade p\u00e5 de salt \ufb02ats som utg\u00f6r gr\u00e4nsen mellan land och hav. Vi slappade av f\u00f6r att \u00e4ta middag l\u00e4ngs Rio Gil\u00e3o, som delar Tavira i tv\u00e5 delar, och vi sk\u00e5lade f\u00f6r v\u00e5r lycka med det djupt halmf\u00e4rgade lokala vita vinet.<\/p>\n\n\n\n<p class=\"animated fadeIn\">I slutet av v\u00e5rt bes\u00f6k i oktober hade jag best\u00e4mt mig f\u00f6r att k\u00f6pa ett hus. Jag hade valt ett hus i Santa Luzia som d\u00e5 var under uppbyggnad, medan Z\u00e9 hade \u00f6gonen p\u00e5 ett annat, ett i Taviras historiska centrum. Efter v\u00e5r \u00e5terkomst till USA diskuterade vi fram och tillbaka ett tag. Z\u00e9 kommer med r\u00e4tta att s\u00e4ga att det aldrig blev n\u00e5gon st\u00f6rre debatt. I slutet av december undertecknade jag slutligen ett k\u00f6pekontrakt p\u00e5 nybygget i Santa Luzia. Vi flyttade in i v\u00e5rt nya hem den 5 september 2019 efter att ha s\u00e5lt v\u00e5rt Cape Cod-hus bara en vecka tidigare, den 28 augusti.<\/p>\n\n\n\n<p class=\"animated fadeIn\">Ja, allt var en virvelvind och ett infall. Jag \u00e4r tacksam f\u00f6r att Z\u00e9 var s\u00e5 gener\u00f6s och v\u00e4nlig och l\u00e4t mig f\u00f6lja min dr\u00f6m, som inte var hans dr\u00f6m. Jag tror fortfarande inte att det \u00e4r hans dr\u00f6m att bo p\u00e5 Portugals sydkust i en relativt liten \ufb01skarbyn. Han kommer dock att medge att det finns m\u00e5nga, m\u00e5nga gemensamma n\u00f6jen som vi delar och njuter av tillsammans s\u00e5v\u00e4l som var f\u00f6r sig.<\/p>\n\n\n\n<p class=\"animated fadeIn\">Under de senaste drygt tv\u00e5 \u00e5ren har vi bott p\u00e5 heltid i Santa Luzia, vilket inte riktigt var v\u00e5r ursprungliga strategi. Nej, v\u00e5r ursprungliga plan var att anv\u00e4nda Portugal som en bas f\u00f6r att resa runt i Europa och vidare, men pandemin f\u00f6r\u00e4ndrade allt detta. V\u00e5r tid h\u00e4r i Santa Luzia har dock varit \u00f6gon\u00f6ppnande och full av sm\u00e5, trevliga \u00f6verraskningar. Denna erfarenhet ger nu br\u00e4nsle \u00e5t v\u00e5r \u00f6nskan att dela v\u00e5r historia med er.<\/p>\n\n\n\n<p class=\"animated fadeIn\">V\u00e5r \u00f6nskan att dela med oss av Santa Luzia, Tavira, Algarve och Portugal \u00e4r anledningen till att vi best\u00e4mde oss f\u00f6r att skapa den h\u00e4r bloggen,&nbsp;<em>Portugalizar<\/em>. H\u00e4r kommer du att uppt\u00e4cka hur speciella Santa Luzia och Tavira \u00e4r; de \u00e4r hemliga skatter som v\u00e4ntar p\u00e5 att bli uppt\u00e4ckta. Tack f\u00f6r att du f\u00f6ljer med oss p\u00e5 v\u00e5rt fortsatta \u00e4ventyr.<\/p>\n\n\n\n<p class=\"\"><\/p>","protected":false},"excerpt":{"rendered":"<p>Ol\u00e1! Vi \u00e4r Will Traylor (bak till h\u00f6ger) och Joseph Wisniewski, eller Gui respektive Z\u00e9, som vi kallas h\u00e4r i Portugal. Vi har tv\u00e5 andra som bor med oss, v\u00e5ra Sealyham-kompisar, Tucker (fram till h\u00f6ger) \u00e4r 15 \u00e5r och Saga \u00e4r 12 \u00e5r. I 40 \u00e5r har jag, Gui, arbetat med fastigheter i New York City, ... <\/p>\n<p class=\"link-more\"><a href=\"https:\/\/portugalizar.com\/sv\/582c1-blogger-gb-about\/\" class=\"more-link\">L\u00e4s mer p\u00e5<span class=\"screen-reader-text\"> \"Om oss\"<\/span><\/a><\/p>","protected":false},"author":1,"featured_media":0,"parent":0,"menu_order":0,"comment_status":"closed","ping_status":"closed","template":"","meta":{"nf_dc_page":"","om_disable_all_campaigns":false,"_monsterinsights_skip_tracking":false,"_monsterinsights_sitenote_active":false,"_monsterinsights_sitenote_note":"","_monsterinsights_sitenote_category":0,"_themeisle_gutenberg_block_has_review":false,"footnotes":""},"class_list":["post-111","page","type-page","status-publish","hentry"],"yoast_head":"<!-- This site is optimized with the Yoast SEO plugin v27.4 - https:\/\/yoast.com\/product\/yoast-seo-wordpress\/ -->\n<title>About Us - PORTUGALIZAR<\/title>\n<meta name=\"robots\" content=\"index, follow, max-snippet:-1, max-image-preview:large, max-video-preview:-1\" \/>\n<link rel=\"canonical\" href=\"https:\/\/portugalizar.com\/sv\/582c1-blogger-gb-about\/\" \/>\n<meta property=\"og:locale\" content=\"sv_SE\" \/>\n<meta property=\"og:type\" content=\"article\" \/>\n<meta property=\"og:title\" content=\"About Us - PORTUGALIZAR\" \/>\n<meta property=\"og:description\" content=\"Ol\u00e1! We are Will Traylor (back right) and Joseph Wisniewski, or, as we are known here in Portugal, Gui and Z\u00e9, respectively. We have two others living with us, our Sealyham companions, Tucker (front right) is 15 and Saga is 12. For 40 years I, Gui, have worked in real estate in New York City, &hellip; Read more &quot;About Us&quot;\" \/>\n<meta property=\"og:url\" content=\"https:\/\/portugalizar.com\/sv\/582c1-blogger-gb-about\/\" \/>\n<meta property=\"og:site_name\" content=\"PORTUGALIZAR\" \/>\n<meta property=\"article:modified_time\" content=\"2024-01-11T09:54:42+00:00\" \/>\n<meta property=\"og:image\" content=\"https:\/\/portugalizar.com\/wp-content\/uploads\/2022\/01\/wjst-bw-450x550-03.png\" \/>\n<meta name=\"twitter:card\" content=\"summary_large_image\" \/>\n<meta name=\"twitter:label1\" content=\"Ber\u00e4knad l\u00e4stid\" \/>\n\t<meta name=\"twitter:data1\" content=\"4 minuter\" \/>\n<script type=\"application\/ld+json\" class=\"yoast-schema-graph\">{\"@context\":\"https:\\\/\\\/schema.org\",\"@graph\":[{\"@type\":\"WebPage\",\"@id\":\"https:\\\/\\\/portugalizar.com\\\/582c1-blogger-gb-about\\\/\",\"url\":\"https:\\\/\\\/portugalizar.com\\\/582c1-blogger-gb-about\\\/\",\"name\":\"About Us - PORTUGALIZAR\",\"isPartOf\":{\"@id\":\"https:\\\/\\\/portugalizar.com\\\/#website\"},\"primaryImageOfPage\":{\"@id\":\"https:\\\/\\\/portugalizar.com\\\/582c1-blogger-gb-about\\\/#primaryimage\"},\"image\":{\"@id\":\"https:\\\/\\\/portugalizar.com\\\/582c1-blogger-gb-about\\\/#primaryimage\"},\"thumbnailUrl\":\"https:\\\/\\\/portugalizar.com\\\/wp-content\\\/uploads\\\/2022\\\/01\\\/wjst-bw-450x550-03.png\",\"datePublished\":\"2019-11-26T12:23:06+00:00\",\"dateModified\":\"2024-01-11T09:54:42+00:00\",\"breadcrumb\":{\"@id\":\"https:\\\/\\\/portugalizar.com\\\/582c1-blogger-gb-about\\\/#breadcrumb\"},\"inLanguage\":\"sv-SE\",\"potentialAction\":[{\"@type\":\"ReadAction\",\"target\":[\"https:\\\/\\\/portugalizar.com\\\/582c1-blogger-gb-about\\\/\"]}]},{\"@type\":\"ImageObject\",\"inLanguage\":\"sv-SE\",\"@id\":\"https:\\\/\\\/portugalizar.com\\\/582c1-blogger-gb-about\\\/#primaryimage\",\"url\":\"https:\\\/\\\/portugalizar.com\\\/wp-content\\\/uploads\\\/2022\\\/01\\\/wjst-bw-450x550-03.png\",\"contentUrl\":\"https:\\\/\\\/portugalizar.com\\\/wp-content\\\/uploads\\\/2022\\\/01\\\/wjst-bw-450x550-03.png\"},{\"@type\":\"BreadcrumbList\",\"@id\":\"https:\\\/\\\/portugalizar.com\\\/582c1-blogger-gb-about\\\/#breadcrumb\",\"itemListElement\":[{\"@type\":\"ListItem\",\"position\":1,\"name\":\"Home\",\"item\":\"https:\\\/\\\/portugalizar.com\\\/\"},{\"@type\":\"ListItem\",\"position\":2,\"name\":\"About Us\"}]},{\"@type\":\"WebSite\",\"@id\":\"https:\\\/\\\/portugalizar.com\\\/#website\",\"url\":\"https:\\\/\\\/portugalizar.com\\\/\",\"name\":\"PORTUGALIZAR\",\"description\":\"\",\"publisher\":{\"@id\":\"https:\\\/\\\/portugalizar.com\\\/#organization\"},\"potentialAction\":[{\"@type\":\"SearchAction\",\"target\":{\"@type\":\"EntryPoint\",\"urlTemplate\":\"https:\\\/\\\/portugalizar.com\\\/?s={search_term_string}\"},\"query-input\":{\"@type\":\"PropertyValueSpecification\",\"valueRequired\":true,\"valueName\":\"search_term_string\"}}],\"inLanguage\":\"sv-SE\"},{\"@type\":\"Organization\",\"@id\":\"https:\\\/\\\/portugalizar.com\\\/#organization\",\"name\":\"PORTUGALIZAR\",\"url\":\"https:\\\/\\\/portugalizar.com\\\/\",\"logo\":{\"@type\":\"ImageObject\",\"inLanguage\":\"sv-SE\",\"@id\":\"https:\\\/\\\/portugalizar.com\\\/#\\\/schema\\\/logo\\\/image\\\/\",\"url\":\"\",\"contentUrl\":\"\",\"caption\":\"PORTUGALIZAR\"},\"image\":{\"@id\":\"https:\\\/\\\/portugalizar.com\\\/#\\\/schema\\\/logo\\\/image\\\/\"}}]}<\/script>\n<!-- \/ Yoast SEO plugin. -->","yoast_head_json":{"title":"About Us - PORTUGALIZAR","robots":{"index":"index","follow":"follow","max-snippet":"max-snippet:-1","max-image-preview":"max-image-preview:large","max-video-preview":"max-video-preview:-1"},"canonical":"https:\/\/portugalizar.com\/sv\/582c1-blogger-gb-about\/","og_locale":"sv_SE","og_type":"article","og_title":"About Us - PORTUGALIZAR","og_description":"Ol\u00e1! We are Will Traylor (back right) and Joseph Wisniewski, or, as we are known here in Portugal, Gui and Z\u00e9, respectively. We have two others living with us, our Sealyham companions, Tucker (front right) is 15 and Saga is 12. For 40 years I, Gui, have worked in real estate in New York City, &hellip; Read more \"About Us\"","og_url":"https:\/\/portugalizar.com\/sv\/582c1-blogger-gb-about\/","og_site_name":"PORTUGALIZAR","article_modified_time":"2024-01-11T09:54:42+00:00","og_image":[{"url":"https:\/\/portugalizar.com\/wp-content\/uploads\/2022\/01\/wjst-bw-450x550-03.png","type":"","width":"","height":""}],"twitter_card":"summary_large_image","twitter_misc":{"Ber\u00e4knad l\u00e4stid":"4 minuter"},"schema":{"@context":"https:\/\/schema.org","@graph":[{"@type":"WebPage","@id":"https:\/\/portugalizar.com\/582c1-blogger-gb-about\/","url":"https:\/\/portugalizar.com\/582c1-blogger-gb-about\/","name":"About Us - PORTUGALIZAR","isPartOf":{"@id":"https:\/\/portugalizar.com\/#website"},"primaryImageOfPage":{"@id":"https:\/\/portugalizar.com\/582c1-blogger-gb-about\/#primaryimage"},"image":{"@id":"https:\/\/portugalizar.com\/582c1-blogger-gb-about\/#primaryimage"},"thumbnailUrl":"https:\/\/portugalizar.com\/wp-content\/uploads\/2022\/01\/wjst-bw-450x550-03.png","datePublished":"2019-11-26T12:23:06+00:00","dateModified":"2024-01-11T09:54:42+00:00","breadcrumb":{"@id":"https:\/\/portugalizar.com\/582c1-blogger-gb-about\/#breadcrumb"},"inLanguage":"sv-SE","potentialAction":[{"@type":"ReadAction","target":["https:\/\/portugalizar.com\/582c1-blogger-gb-about\/"]}]},{"@type":"ImageObject","inLanguage":"sv-SE","@id":"https:\/\/portugalizar.com\/582c1-blogger-gb-about\/#primaryimage","url":"https:\/\/portugalizar.com\/wp-content\/uploads\/2022\/01\/wjst-bw-450x550-03.png","contentUrl":"https:\/\/portugalizar.com\/wp-content\/uploads\/2022\/01\/wjst-bw-450x550-03.png"},{"@type":"BreadcrumbList","@id":"https:\/\/portugalizar.com\/582c1-blogger-gb-about\/#breadcrumb","itemListElement":[{"@type":"ListItem","position":1,"name":"Home","item":"https:\/\/portugalizar.com\/"},{"@type":"ListItem","position":2,"name":"About Us"}]},{"@type":"WebSite","@id":"https:\/\/portugalizar.com\/#website","url":"https:\/\/portugalizar.com\/","name":"PORTUGALIZAR","description":"","publisher":{"@id":"https:\/\/portugalizar.com\/#organization"},"potentialAction":[{"@type":"SearchAction","target":{"@type":"EntryPoint","urlTemplate":"https:\/\/portugalizar.com\/?s={search_term_string}"},"query-input":{"@type":"PropertyValueSpecification","valueRequired":true,"valueName":"search_term_string"}}],"inLanguage":"sv-SE"},{"@type":"Organization","@id":"https:\/\/portugalizar.com\/#organization","name":"PORTUGALIZAR","url":"https:\/\/portugalizar.com\/","logo":{"@type":"ImageObject","inLanguage":"sv-SE","@id":"https:\/\/portugalizar.com\/#\/schema\/logo\/image\/","url":"","contentUrl":"","caption":"PORTUGALIZAR"},"image":{"@id":"https:\/\/portugalizar.com\/#\/schema\/logo\/image\/"}}]}},"jetpack-related-posts":[],"jetpack_sharing_enabled":true,"_links":{"self":[{"href":"https:\/\/portugalizar.com\/sv\/wp-json\/wp\/v2\/pages\/111","targetHints":{"allow":["GET"]}}],"collection":[{"href":"https:\/\/portugalizar.com\/sv\/wp-json\/wp\/v2\/pages"}],"about":[{"href":"https:\/\/portugalizar.com\/sv\/wp-json\/wp\/v2\/types\/page"}],"author":[{"embeddable":true,"href":"https:\/\/portugalizar.com\/sv\/wp-json\/wp\/v2\/users\/1"}],"replies":[{"embeddable":true,"href":"https:\/\/portugalizar.com\/sv\/wp-json\/wp\/v2\/comments?post=111"}],"version-history":[{"count":5,"href":"https:\/\/portugalizar.com\/sv\/wp-json\/wp\/v2\/pages\/111\/revisions"}],"predecessor-version":[{"id":2373,"href":"https:\/\/portugalizar.com\/sv\/wp-json\/wp\/v2\/pages\/111\/revisions\/2373"}],"wp:attachment":[{"href":"https:\/\/portugalizar.com\/sv\/wp-json\/wp\/v2\/media?parent=111"}],"curies":[{"name":"wp","href":"https:\/\/api.w.org\/{rel}","templated":true}]}}