{"id":204,"date":"2022-01-07T16:23:30","date_gmt":"2022-01-07T16:23:30","guid":{"rendered":"https:\/\/portugalizar.com\/?page_id=204"},"modified":"2022-06-04T08:41:41","modified_gmt":"2022-06-04T08:41:41","slug":"home","status":"publish","type":"page","link":"https:\/\/portugalizar.com\/fr\/","title":{"rendered":"BIENVENUE"},"content":{"rendered":"<div style=\"height:24px\" aria-hidden=\"true\" class=\"wp-block-spacer ticss-b1c9aa03\"><\/div>\n\n\n\n<p class=\"has-text-align-justify animated fadeIn fast\">Nous sommes ravis que vous visitiez notre blog, <strong>Portugalizar<\/strong>! Ce blog est notre tentative de partager avec vous tout ce que nous avons appris et d\u00e9couvert sur la vie au Portugal. Nous sommes ravis parce que ce que nous avons appris et d\u00e9couvert n'est rien de moins qu'absolument incroyable. <\/p>\n\n\n\n<p class=\"has-text-align-justify animated fadeIn fast\">Une semaine apr\u00e8s notre arriv\u00e9e au Portugal, nous avons appris notre premi\u00e8re le\u00e7on par l'exemple. Rien n'est plus important pour les Portugais que de faire en sorte qu'un \u00e9tranger se sente le bienvenu et chez lui. Nous voulons que vous vous sentiez bienvenus et chez vous ici \u00e0 <strong>Portugalizar<\/strong>. <\/p>\n\n\n\n<p class=\"has-text-align-justify animated fadeIn fast\">N'h\u00e9sitez pas \u00e0 choisir votre langue pr\u00e9f\u00e9r\u00e9e en cliquant sur l'onglet \"drapeau\" dans le coin sup\u00e9rieur gauche du menu principal. Sachez \u00e9galement que votre vie priv\u00e9e est importante pour nous. Nous ne collectons aucune de vos donn\u00e9es et ni nous ni personne n'essaiera de vous vendre quoi que ce soit. Point final. Alors d\u00e9tendez-vous et profitez-en.<\/p>\n\n\n\n<div style=\"height:37px\" aria-hidden=\"true\" class=\"wp-block-spacer\"><\/div>\n\n\n\n<div style=\"height:47px\" aria-hidden=\"true\" class=\"wp-block-spacer\"><\/div>\n\n\n\n<div class=\"wp-block-group alignfull ticss-fd05cf7f has-background\" style=\"background-color:#e6e6e6\"><div class=\"wp-block-group__inner-container is-layout-flow wp-block-group-is-layout-flow\">\n<div style=\"height:1px\" aria-hidden=\"true\" class=\"wp-block-spacer\"><\/div>\n\n\n\n<h1 class=\"has-text-align-center ticss-033f5d02 wp-block-heading\" id=\"becoming-portuguese\" style=\"font-size:1.625rem\">DEVENIR PORTUGAIS<\/h1>\n\n\n\n<div style=\"height:25px\" aria-hidden=\"true\" class=\"wp-block-spacer\"><\/div>\n\n\n\n<p class=\"has-text-align-justify\">Tout au long de nos trois d\u00e9cennies de vie commune, Z\u00e9 et moi avons partag\u00e9 un r\u00eave commun. Nous avons tous deux voulu nous plonger dans les rythmes inconnus de la vie quotidienne en tant qu'\u00e9trangers dans un nouveau pays. Nos raisons sont vagues et vari\u00e9es, comme le sont souvent les r\u00eaves, mais pour l'instant, il suffit de dire que l'envie de voyager et la d\u00e9couverte de soi ont \u00e9t\u00e9 nos motivations. Par pure co\u00efncidence, c'est au Portugal que nous avons fait le grand saut.<\/p>\n\n\n\n<p class=\"has-text-align-justify animated fadeIn fast\">Ce blog est consacr\u00e9 aux plaisirs et aux agr\u00e9ments que nous avons trouv\u00e9s en vivant au Portugal. Il s'agit \u00e9galement de la fa\u00e7on dont le Portugal devient progressivement notre maison. Dans ce blog, nous essaierons de partager les exp\u00e9riences et les rencontres avec les gens, la langue, la culture et les coutumes, l'histoire et le lieu qui, ensemble, nous ont r\u00e9v\u00e9l\u00e9 le Portugal.<\/p>\n\n\n\n<p class=\"has-text-align-justify\">Avant d'aller trop loin dans ce blog, je dois \u00eatre franc avec vous. Nos observations sont faites depuis notre perchoir, ici \u00e0 Santa Luzia, un petit village de la ville de Tavira. Tavira se trouve \u00e0 l'extr\u00eame limite de l'Europe, dans la moiti\u00e9 orientale (<em>o Sotavento<\/em>) de l'Algarve ; ce n'est qu'une tranche d'un Portugal dynamique et diversifi\u00e9. En outre, notre optique est celle d'expatri\u00e9s (<em>os estrangeiros<\/em>) ; nous voyons tout pour la premi\u00e8re fois et les diff\u00e9rences per\u00e7ues peuvent \u00eatre aussi enivrantes que choquantes.<\/p>\n\n\n\n<p class=\"has-text-align-justify\">A titre d'information suppl\u00e9mentaire, le verbe <em>portugalizar<\/em> n'existe pas r\u00e9ellement en portugais. J'ai transform\u00e9 \"Portugal\" en un verbe, et, comme une invention, <em>portugalizar<\/em> a pour but de m'aider \u00e0 expliquer pourquoi nous sommes venus au Portugal. Le sens que j'ai attribu\u00e9 \u00e0 ce verbe - se familiariser avec le portugais et, finalement, devenir portugais - est la r\u00e9alisation de mon\/notre r\u00eave de longue date et c'est l'objet de ce blog.<\/p>\n\n\n\n<p>Notre objectif est \u00e9galement que ce blog soit le point de d\u00e9part d'une conversation avec de nouveaux amis, comme vous. Nous esp\u00e9rons que vous partagerez avec nous votre propre histoire, y compris vos observations et exp\u00e9riences de cet endroit au bout du monde qu'est le Portugal. C'est une aventure, nous l'esp\u00e9rons, dont nous pourrons profiter tous ensemble.<\/p>\n\n\n\n<p class=\"has-text-align-justify animated fadeIn fast\">Mon objectif est de publier au moins un blog par semaine. Chaque blog est con\u00e7u comme une petite pierre qui s'int\u00e8gre dans une plus grande mosa\u00efque du Portugal. Chaque blog se concentrera sur l'un des \ufb01veaux domaines suivants : les gens, la langue, la culture et les coutumes, l'histoire et le lieu.<\/p>\n\n\n\n<p class=\"has-text-align-justify animated fadeIn fast\"><strong>PEOPLE<\/strong>: Ces blogs comportent des interviews ou des histoires des personnes que nous avons rencontr\u00e9es \u00e0 Santa Luzia ainsi qu'ailleurs au Portugal. C'est l'occasion de vous pr\u00e9senter les nombreuses personnes int\u00e9ressantes que nous avons rencontr\u00e9es ici. Parmi eux, des Portugais et d'autres personnes. <em>estrangeiros<\/em> (Br\u00e9siliens, Mozambicains, Indiens, Italiens, Fran\u00e7ais, etc.) qui, comme nous, ont fait du Portugal leur foyer. Ensemble, leurs voix et leurs histoires constituent la voix et l'histoire du Portugal au XXIe si\u00e8cle.<\/p>\n\n\n\n<p class=\"has-text-align-justify animated fadeIn fast\">Nous esp\u00e9rons \u00e9galement qu'\u00e0 terme, certains de ces entretiens prendront la forme de vlogs, de vid\u00e9os, afin que vous puissiez rencontrer, au moins virtuellement, certaines de ces personnes fascinantes.<\/p>\n\n\n\n<p class=\"has-text-align-justify animated fadeIn fast\"><strong>LANGUE<\/strong>: Ces blogs sont peut-\u00eatre les plus personnels et les plus introspectifs. Ils traitent des contours et des complexit\u00e9s de la langue portugaise du point de vue d'un citoyen europ\u00e9en. <em>estrangeiro<\/em> qui est, disons, mature. Ces blogs me forcent \u00e0 re\ufb02ecter sur la fa\u00e7on dont l'apprentissage et la lutte avec le portugais m'enseignent ma propre langue maternelle et comment l'anglais am\u00e9ricain m'a form\u00e9 et orient\u00e9 dans et vers le monde.<\/p>\n\n\n\n<p class=\"has-text-align-justify animated fadeIn fast\"><strong>CULTURE &amp; COUTUMES<\/strong>: Ces blogs sont un recueil d'informations int\u00e9ressantes. Par exemple, je partage mes rencontres avec la po\u00e9sie de Luis Vaz de Cam\u00f5es et Fernando Pessoa ; avec l'art mauresque du 8e si\u00e8cle ainsi qu'avec l'expressionnisme abstrait portugais du 20e. Il existe des blogs sur la cuisine portugaise et les plaisirs d\u00e9contract\u00e9s des sorties au restaurant. Ces blogs traitent \u00e9galement des coutumes portugaises en mati\u00e8re de vacances, de week-ends et de cong\u00e9s (f\u00e9rias).<\/p>\n\n\n\n<p class=\"has-text-align-justify animated fadeIn fast\"><strong>HISTOIRE<\/strong>: Ces blogs se concentreront sur les transitions qui ont permis au Portugal de devenir le peuple et le lieu qu'il est aujourd'hui. Le Portugal et \u00e9galement Tavira est une composition arch\u00e9ologique dont les couches culturelles s'accumulent sur plus de 400 000 ans. L'histoire est aussi fascinante que poignante : elle passe par l'arriv\u00e9e, la conqu\u00eate, l'\u00e9mancipation et la capitulation. Chaque nouveau chapitre succ\u00e8de au pr\u00e9c\u00e9dent ; aucun chapitre final n'a encore \u00e9t\u00e9 \u00e9crit.<\/p>\n\n\n\n<p class=\"has-text-align-justify animated fadeIn fast\"><strong>PLACE<\/strong>: Ces blogs portent sur les endroits uniques et fascinants que nous d\u00e9couvrons ; par exemple, une \u00e9glise abandonn\u00e9e en train d'\u00eatre ressuscit\u00e9e, et l'observation des oiseaux sur les \ufb02ats sal\u00e9s et les marais de la Ria Formosa. Il y a des blogs sur nos promenades le long des routes de campagne accident\u00e9es, les courses matinales sur les plages de Barril et Terra Estreita ainsi que les d\u00e9jeuners d\u00e9tendus sur ces m\u00eames plages. Ces blogs partagent nos aventures, petites et grandes, qui font partie de notre vie ici.<\/p>\n\n\n\n<div style=\"height:50px\" aria-hidden=\"true\" class=\"wp-block-spacer\"><\/div>\n<\/div><\/div>\n\n\n\n<div class=\"wp-block-cover alignfull is-light animated fadeIn\"><span aria-hidden=\"true\" class=\"wp-block-cover__background has-white-background-color has-background-dim-10 has-background-dim\"><\/span><img data-recalc-dims=\"1\" fetchpriority=\"high\" decoding=\"async\" width=\"950\" height=\"380\" class=\"wp-block-cover__image-background wp-image-337\" alt=\"\" src=\"https:\/\/i0.wp.com\/portugalizar.com\/wp-content\/uploads\/2022\/01\/Tavira-02.png?resize=950%2C380&#038;ssl=1\" style=\"object-position:50% 86%\" data-object-fit=\"cover\" data-object-position=\"50% 86%\" srcset=\"https:\/\/i0.wp.com\/portugalizar.com\/wp-content\/uploads\/2022\/01\/Tavira-02.png?w=2000&amp;ssl=1 2000w, https:\/\/i0.wp.com\/portugalizar.com\/wp-content\/uploads\/2022\/01\/Tavira-02.png?resize=300%2C120&amp;ssl=1 300w, https:\/\/i0.wp.com\/portugalizar.com\/wp-content\/uploads\/2022\/01\/Tavira-02.png?resize=1024%2C410&amp;ssl=1 1024w, https:\/\/i0.wp.com\/portugalizar.com\/wp-content\/uploads\/2022\/01\/Tavira-02.png?resize=768%2C307&amp;ssl=1 768w, https:\/\/i0.wp.com\/portugalizar.com\/wp-content\/uploads\/2022\/01\/Tavira-02.png?resize=1536%2C614&amp;ssl=1 1536w, https:\/\/i0.wp.com\/portugalizar.com\/wp-content\/uploads\/2022\/01\/Tavira-02.png?w=1900&amp;ssl=1 1900w\" sizes=\"(max-width: 950px) 100vw, 950px\" \/><div class=\"wp-block-cover__inner-container is-layout-flow wp-block-cover-is-layout-flow\">\n<p class=\"has-text-align-center has-large-font-size\"><\/p>\n<\/div><\/div>","protected":false},"excerpt":{"rendered":"<p>Nous sommes ravis que vous visitiez notre blog, Portugalizar ! Ce blog est notre tentative de partager avec vous tout ce que nous avons appris et d\u00e9couvert sur la vie au Portugal. Nous sommes ravis parce que ce que nous avons appris et d\u00e9couvert n'est rien de moins qu'absolument incroyable. Une semaine apr\u00e8s notre arriv\u00e9e au Portugal, nous avons ... <\/p>\n<p class=\"link-more\"><a href=\"https:\/\/portugalizar.com\/fr\/\" class=\"more-link\">En savoir plus<span class=\"screen-reader-text\"> \"BIENVENUE\"<\/span><\/a><\/p>","protected":false},"author":1,"featured_media":0,"parent":0,"menu_order":0,"comment_status":"closed","ping_status":"closed","template":"","meta":{"nf_dc_page":"","om_disable_all_campaigns":false,"_monsterinsights_skip_tracking":false,"_monsterinsights_sitenote_active":false,"_monsterinsights_sitenote_note":"","_monsterinsights_sitenote_category":0,"_themeisle_gutenberg_block_has_review":false,"footnotes":""},"class_list":["post-204","page","type-page","status-publish","hentry"],"yoast_head":"<!-- This site is optimized with the Yoast SEO plugin v27.4 - https:\/\/yoast.com\/product\/yoast-seo-wordpress\/ -->\n<title>WELCOME - PORTUGALIZAR<\/title>\n<meta name=\"robots\" content=\"index, follow, max-snippet:-1, max-image-preview:large, max-video-preview:-1\" \/>\n<link rel=\"canonical\" href=\"https:\/\/portugalizar.com\/fr\/\" \/>\n<meta property=\"og:locale\" content=\"fr_FR\" \/>\n<meta property=\"og:type\" content=\"article\" \/>\n<meta property=\"og:title\" content=\"WELCOME - PORTUGALIZAR\" \/>\n<meta property=\"og:description\" content=\"We are thrilled that you are visiting our blog, Portugalizar! This blog is our attempt to share with you everything that we have learned and discovered about living in Portugal. We are thrilled because what we have learned and discovered is nothing short of absolutely amazing. Within a week of our arrival in Portugal, we &hellip; Read more &quot;WELCOME&quot;\" \/>\n<meta property=\"og:url\" content=\"https:\/\/portugalizar.com\/fr\/\" \/>\n<meta property=\"og:site_name\" content=\"PORTUGALIZAR\" \/>\n<meta property=\"article:modified_time\" content=\"2022-06-04T08:41:41+00:00\" \/>\n<meta property=\"og:image\" content=\"https:\/\/portugalizar.com\/wp-content\/uploads\/2022\/01\/Tavira-02.png\" \/>\n<meta name=\"twitter:card\" content=\"summary_large_image\" \/>\n<meta name=\"twitter:label1\" content=\"Dur\u00e9e de lecture estim\u00e9e\" \/>\n\t<meta name=\"twitter:data1\" content=\"5 minutes\" \/>\n<script type=\"application\/ld+json\" class=\"yoast-schema-graph\">{\"@context\":\"https:\\\/\\\/schema.org\",\"@graph\":[{\"@type\":\"WebPage\",\"@id\":\"https:\\\/\\\/portugalizar.com\\\/\",\"url\":\"https:\\\/\\\/portugalizar.com\\\/\",\"name\":\"WELCOME - PORTUGALIZAR\",\"isPartOf\":{\"@id\":\"https:\\\/\\\/portugalizar.com\\\/#website\"},\"primaryImageOfPage\":{\"@id\":\"https:\\\/\\\/portugalizar.com\\\/#primaryimage\"},\"image\":{\"@id\":\"https:\\\/\\\/portugalizar.com\\\/#primaryimage\"},\"thumbnailUrl\":\"https:\\\/\\\/portugalizar.com\\\/wp-content\\\/uploads\\\/2022\\\/01\\\/Tavira-02.png\",\"datePublished\":\"2022-01-07T16:23:30+00:00\",\"dateModified\":\"2022-06-04T08:41:41+00:00\",\"breadcrumb\":{\"@id\":\"https:\\\/\\\/portugalizar.com\\\/#breadcrumb\"},\"inLanguage\":\"fr-FR\",\"potentialAction\":[{\"@type\":\"ReadAction\",\"target\":[\"https:\\\/\\\/portugalizar.com\\\/\"]}]},{\"@type\":\"ImageObject\",\"inLanguage\":\"fr-FR\",\"@id\":\"https:\\\/\\\/portugalizar.com\\\/#primaryimage\",\"url\":\"https:\\\/\\\/portugalizar.com\\\/wp-content\\\/uploads\\\/2022\\\/01\\\/Tavira-02.png\",\"contentUrl\":\"https:\\\/\\\/portugalizar.com\\\/wp-content\\\/uploads\\\/2022\\\/01\\\/Tavira-02.png\"},{\"@type\":\"BreadcrumbList\",\"@id\":\"https:\\\/\\\/portugalizar.com\\\/#breadcrumb\",\"itemListElement\":[{\"@type\":\"ListItem\",\"position\":1,\"name\":\"Home\",\"item\":\"https:\\\/\\\/portugalizar.com\\\/\"},{\"@type\":\"ListItem\",\"position\":2,\"name\":\"WELCOME\"}]},{\"@type\":\"WebSite\",\"@id\":\"https:\\\/\\\/portugalizar.com\\\/#website\",\"url\":\"https:\\\/\\\/portugalizar.com\\\/\",\"name\":\"PORTUGALIZAR\",\"description\":\"\",\"publisher\":{\"@id\":\"https:\\\/\\\/portugalizar.com\\\/#organization\"},\"potentialAction\":[{\"@type\":\"SearchAction\",\"target\":{\"@type\":\"EntryPoint\",\"urlTemplate\":\"https:\\\/\\\/portugalizar.com\\\/?s={search_term_string}\"},\"query-input\":{\"@type\":\"PropertyValueSpecification\",\"valueRequired\":true,\"valueName\":\"search_term_string\"}}],\"inLanguage\":\"fr-FR\"},{\"@type\":\"Organization\",\"@id\":\"https:\\\/\\\/portugalizar.com\\\/#organization\",\"name\":\"PORTUGALIZAR\",\"url\":\"https:\\\/\\\/portugalizar.com\\\/\",\"logo\":{\"@type\":\"ImageObject\",\"inLanguage\":\"fr-FR\",\"@id\":\"https:\\\/\\\/portugalizar.com\\\/#\\\/schema\\\/logo\\\/image\\\/\",\"url\":\"\",\"contentUrl\":\"\",\"caption\":\"PORTUGALIZAR\"},\"image\":{\"@id\":\"https:\\\/\\\/portugalizar.com\\\/#\\\/schema\\\/logo\\\/image\\\/\"}}]}<\/script>\n<!-- \/ Yoast SEO plugin. -->","yoast_head_json":{"title":"WELCOME - PORTUGALIZAR","robots":{"index":"index","follow":"follow","max-snippet":"max-snippet:-1","max-image-preview":"max-image-preview:large","max-video-preview":"max-video-preview:-1"},"canonical":"https:\/\/portugalizar.com\/fr\/","og_locale":"fr_FR","og_type":"article","og_title":"WELCOME - PORTUGALIZAR","og_description":"We are thrilled that you are visiting our blog, Portugalizar! This blog is our attempt to share with you everything that we have learned and discovered about living in Portugal. We are thrilled because what we have learned and discovered is nothing short of absolutely amazing. Within a week of our arrival in Portugal, we &hellip; Read more \"WELCOME\"","og_url":"https:\/\/portugalizar.com\/fr\/","og_site_name":"PORTUGALIZAR","article_modified_time":"2022-06-04T08:41:41+00:00","og_image":[{"url":"https:\/\/portugalizar.com\/wp-content\/uploads\/2022\/01\/Tavira-02.png","type":"","width":"","height":""}],"twitter_card":"summary_large_image","twitter_misc":{"Dur\u00e9e de lecture estim\u00e9e":"5 minutes"},"schema":{"@context":"https:\/\/schema.org","@graph":[{"@type":"WebPage","@id":"https:\/\/portugalizar.com\/","url":"https:\/\/portugalizar.com\/","name":"WELCOME - PORTUGALIZAR","isPartOf":{"@id":"https:\/\/portugalizar.com\/#website"},"primaryImageOfPage":{"@id":"https:\/\/portugalizar.com\/#primaryimage"},"image":{"@id":"https:\/\/portugalizar.com\/#primaryimage"},"thumbnailUrl":"https:\/\/portugalizar.com\/wp-content\/uploads\/2022\/01\/Tavira-02.png","datePublished":"2022-01-07T16:23:30+00:00","dateModified":"2022-06-04T08:41:41+00:00","breadcrumb":{"@id":"https:\/\/portugalizar.com\/#breadcrumb"},"inLanguage":"fr-FR","potentialAction":[{"@type":"ReadAction","target":["https:\/\/portugalizar.com\/"]}]},{"@type":"ImageObject","inLanguage":"fr-FR","@id":"https:\/\/portugalizar.com\/#primaryimage","url":"https:\/\/portugalizar.com\/wp-content\/uploads\/2022\/01\/Tavira-02.png","contentUrl":"https:\/\/portugalizar.com\/wp-content\/uploads\/2022\/01\/Tavira-02.png"},{"@type":"BreadcrumbList","@id":"https:\/\/portugalizar.com\/#breadcrumb","itemListElement":[{"@type":"ListItem","position":1,"name":"Home","item":"https:\/\/portugalizar.com\/"},{"@type":"ListItem","position":2,"name":"WELCOME"}]},{"@type":"WebSite","@id":"https:\/\/portugalizar.com\/#website","url":"https:\/\/portugalizar.com\/","name":"PORTUGALISTE","description":"","publisher":{"@id":"https:\/\/portugalizar.com\/#organization"},"potentialAction":[{"@type":"SearchAction","target":{"@type":"EntryPoint","urlTemplate":"https:\/\/portugalizar.com\/?s={search_term_string}"},"query-input":{"@type":"PropertyValueSpecification","valueRequired":true,"valueName":"search_term_string"}}],"inLanguage":"fr-FR"},{"@type":"Organization","@id":"https:\/\/portugalizar.com\/#organization","name":"PORTUGALISTE","url":"https:\/\/portugalizar.com\/","logo":{"@type":"ImageObject","inLanguage":"fr-FR","@id":"https:\/\/portugalizar.com\/#\/schema\/logo\/image\/","url":"","contentUrl":"","caption":"PORTUGALIZAR"},"image":{"@id":"https:\/\/portugalizar.com\/#\/schema\/logo\/image\/"}}]}},"jetpack-related-posts":[],"jetpack_sharing_enabled":true,"_links":{"self":[{"href":"https:\/\/portugalizar.com\/fr\/wp-json\/wp\/v2\/pages\/204","targetHints":{"allow":["GET"]}}],"collection":[{"href":"https:\/\/portugalizar.com\/fr\/wp-json\/wp\/v2\/pages"}],"about":[{"href":"https:\/\/portugalizar.com\/fr\/wp-json\/wp\/v2\/types\/page"}],"author":[{"embeddable":true,"href":"https:\/\/portugalizar.com\/fr\/wp-json\/wp\/v2\/users\/1"}],"replies":[{"embeddable":true,"href":"https:\/\/portugalizar.com\/fr\/wp-json\/wp\/v2\/comments?post=204"}],"version-history":[{"count":5,"href":"https:\/\/portugalizar.com\/fr\/wp-json\/wp\/v2\/pages\/204\/revisions"}],"predecessor-version":[{"id":1622,"href":"https:\/\/portugalizar.com\/fr\/wp-json\/wp\/v2\/pages\/204\/revisions\/1622"}],"wp:attachment":[{"href":"https:\/\/portugalizar.com\/fr\/wp-json\/wp\/v2\/media?parent=204"}],"curies":[{"name":"wp","href":"https:\/\/api.w.org\/{rel}","templated":true}]}}