{"id":204,"date":"2022-01-07T16:23:30","date_gmt":"2022-01-07T16:23:30","guid":{"rendered":"https:\/\/portugalizar.com\/?page_id=204"},"modified":"2022-06-04T08:41:41","modified_gmt":"2022-06-04T08:41:41","slug":"home","status":"publish","type":"page","link":"https:\/\/portugalizar.com\/de\/","title":{"rendered":"WILLKOMMEN"},"content":{"rendered":"<div style=\"height:24px\" aria-hidden=\"true\" class=\"wp-block-spacer ticss-b1c9aa03\"><\/div>\n\n\n\n<p class=\"has-text-align-justify animated fadeIn fast\">Wir freuen uns sehr, dass Sie unseren Blog besuchen, <strong>Portugalizar<\/strong>! Dieser Blog ist unser Versuch, mit Ihnen alles zu teilen, was wir \u00fcber das Leben in Portugal gelernt und entdeckt haben. Wir sind begeistert, denn was wir gelernt und entdeckt haben, ist absolut erstaunlich. <\/p>\n\n\n\n<p class=\"has-text-align-justify animated fadeIn fast\">Innerhalb einer Woche nach unserer Ankunft in Portugal lernten wir unsere erste Lektion durch ein Beispiel. Nichts ist den Portugiesen wichtiger, als einem Fremden das Gef\u00fchl zu geben, willkommen und zu Hause zu sein. Wir m\u00f6chten, dass Sie sich bei uns willkommen und zu Hause f\u00fchlen <strong>Portugalizar<\/strong>. <\/p>\n\n\n\n<p class=\"has-text-align-justify animated fadeIn fast\">Sie k\u00f6nnen Ihre bevorzugte Sprache ausw\u00e4hlen, indem Sie auf die Registerkarte \"Flagge\" in der oberen linken Ecke des Hauptmen\u00fcs klicken. Bitte beachten Sie auch, dass Ihre Privatsph\u00e4re f\u00fcr uns wichtig ist. Wir sammeln weder Ihre Daten noch werden wir oder andere versuchen, Ihnen etwas zu verkaufen. Punkt. Also entspannen Sie sich und genie\u00dfen Sie.<\/p>\n\n\n\n<div style=\"height:37px\" aria-hidden=\"true\" class=\"wp-block-spacer\"><\/div>\n\n\n\n<div style=\"height:47px\" aria-hidden=\"true\" class=\"wp-block-spacer\"><\/div>\n\n\n\n<div class=\"wp-block-group alignfull ticss-fd05cf7f has-background\" style=\"background-color:#e6e6e6\"><div class=\"wp-block-group__inner-container is-layout-flow wp-block-group-is-layout-flow\">\n<div style=\"height:1px\" aria-hidden=\"true\" class=\"wp-block-spacer\"><\/div>\n\n\n\n<h1 class=\"has-text-align-center ticss-033f5d02 wp-block-heading\" id=\"becoming-portuguese\" style=\"font-size:1.625rem\">PORTUGIESISCH WERDEN<\/h1>\n\n\n\n<div style=\"height:25px\" aria-hidden=\"true\" class=\"wp-block-spacer\"><\/div>\n\n\n\n<p class=\"has-text-align-justify\">W\u00e4hrend unserer drei gemeinsamen Jahrzehnte haben Z\u00e9 und ich einen gemeinsamen Traum geteilt. Wir wollten beide in den ungewohnten Rhythmus des t\u00e4glichen Lebens als Fremde in einem neuen Land eintauchen. Unsere Gr\u00fcnde sind vage und vielf\u00e4ltig, wie es Tr\u00e4ume oft sind, aber f\u00fcr den Moment gen\u00fcgt es zu sagen, dass Fernweh und Selbstentdeckung die Triebfedern waren. Der Zufall wollte es, dass wir uns in Portugal niedergelassen haben.<\/p>\n\n\n\n<p class=\"has-text-align-justify animated fadeIn fast\">In diesem Blog geht es um die Freuden und Gen\u00fcsse, die wir in Portugal gefunden haben. Es geht auch darum, wie Portugal allm\u00e4hlich zu unserer Heimat wird. In diesem Blog werden wir versuchen, die Erfahrungen und Begegnungen mit den Menschen, der Sprache, der Kultur und den Br\u00e4uchen, der Geschichte und dem Ort zu teilen, die uns in ihrer Kombination Portugal offenbart haben.<\/p>\n\n\n\n<p class=\"has-text-align-justify\">Bevor ich in diesem Blog zu weit komme, muss ich Ihnen gegen\u00fcber offen sein. Unsere Beobachtungen stammen von unserem Standort in Santa Luzia, einem kleinen Dorf innerhalb der Stadt Tavira. Tavira liegt am \u00e4u\u00dfersten Rand von Europa in der \u00f6stlichen H\u00e4lfte (<em>o Sotavento<\/em>) der Algarve; sie ist nur ein Teil eines dynamischen und vielf\u00e4ltigen Portugals. Dar\u00fcber hinaus ist unser Blickwinkel der von Auswanderern (<em>Fremde<\/em>); wir sehen alles zum ersten Mal und die wahrgenommenen Unterschiede k\u00f6nnen ebenso berauschend wie erschreckend sein.<\/p>\n\n\n\n<p class=\"has-text-align-justify\">Zur weiteren Erl\u00e4uterung: Das Verb <em>portugalizar<\/em> gibt es im Portugiesischen eigentlich nicht. Ich habe \"Portugal\" zu einem Verb gemacht, und zwar als Kunstgriff, <em>portugalizar<\/em> soll mir helfen zu erkl\u00e4ren, warum wir nach Portugal gekommen sind. Die Bedeutung, die ich diesem Verb zugeschrieben habe - sich mit der portugiesischen Sprache vertraut machen und schlie\u00dflich portugiesisch werden - ist die Erf\u00fcllung meines\/unseres lang gehegten Traums, und darum geht es in diesem Blog.<\/p>\n\n\n\n<p>Unser Ziel ist es auch, dass der Blog der Beginn eines Gespr\u00e4chs mit neuen Freunden, wie Ihnen, sein soll. Wir hoffen, dass Sie Ihre eigene Geschichte, Ihre Beobachtungen und Erfahrungen mit diesem Ort am Rande der Welt, der Portugal hei\u00dft, mit uns teilen werden. Wir hoffen, dass dies ein Abenteuer ist, das wir alle gemeinsam genie\u00dfen k\u00f6nnen.<\/p>\n\n\n\n<p class=\"has-text-align-justify animated fadeIn fast\">Mein Ziel ist es, jede Woche mindestens einen Blog zu ver\u00f6ffentlichen. Jeder Blog soll nur ein kleiner Stein sein, der sich in ein gr\u00f6\u00dferes Mosaik von Portugal einf\u00fcgt. Jeder Blog wird sich auf einen von f\u00fcnf Bereichen konzentrieren: Menschen, Sprache, Kultur und Br\u00e4uche, Geschichte und Ort.<\/p>\n\n\n\n<p class=\"has-text-align-justify animated fadeIn fast\"><strong>MENSCHEN<\/strong>: Diese Blogs beinhalten Interviews mit oder Geschichten von Menschen, die wir in Santa Luzia und anderswo in Portugal getroffen haben. So k\u00f6nnen wir Ihnen die vielen interessanten Menschen vorstellen, denen wir hier begegnet sind. Darunter sind sowohl portugiesische Einheimische als auch andere <em>estrangeiros<\/em> (Brasilianer, Mosambikaner, Inder, Italiener, Franzosen usw.), die, wie wir, Portugal zu ihrer Heimat gemacht haben. Ihre Stimmen und ihre Geschichten sind Portugals Stimme und Geschichte im 21. Jahrhundert.<\/p>\n\n\n\n<p class=\"has-text-align-justify animated fadeIn fast\">Wir hoffen auch, dass einige der Interviews in Form von Vlogs und Videos ver\u00f6ffentlicht werden, damit Sie einige dieser faszinierenden Menschen zumindest virtuell treffen k\u00f6nnen.<\/p>\n\n\n\n<p class=\"has-text-align-justify animated fadeIn fast\"><strong>SPRACHE<\/strong>: Diese Blogs sind vielleicht die pers\u00f6nlichsten und introspektivsten. Sie handeln von den Konturen und der Komplexit\u00e4t der portugiesischen Sprache aus der Perspektive eines <em>estrangeiro<\/em> der, sagen wir mal, reif ist. Diese Blogs zwingen mich dazu, dar\u00fcber nachzudenken, wie ich durch das Lernen und Ringen mit dem Portugiesischen etwas \u00fcber meine eigene Muttersprache lerne und wie mich das amerikanische Englisch geformt hat und wie ich mich in und gegen\u00fcber der Welt orientiere.<\/p>\n\n\n\n<p class=\"has-text-align-justify animated fadeIn fast\"><strong>KULTUR UND BR\u00c4UCHE<\/strong>: Diese Blogs sind ein Sammelsurium interessanter Leckerbissen. Ich teile zum Beispiel meine Begegnungen mit der Poesie von Luis Vaz de Cam\u00f5es und Fernando Pessoa, mit der maurischen Kunst des 8. Jahrhunderts und dem portugiesischen abstrakten Expressionismus des 20. Es gibt Blogs \u00fcber die portugiesische K\u00fcche und das entspannte Vergn\u00fcgen, ausw\u00e4rts zu essen. In diesen Blogs geht es auch um portugiesische Br\u00e4uche rund um Feiertage, Wochenenden und den so wichtigen Urlaub (f\u00e9rias).<\/p>\n\n\n\n<p class=\"has-text-align-justify animated fadeIn fast\"><strong>GESCHICHTE<\/strong>: Diese Blogs konzentrieren sich auf die \u00dcberg\u00e4nge, die es Portugal erm\u00f6glichten, sich zu dem Volk und dem Ort zu entwickeln, der es heute ist. Portugal und damit auch Tavira ist eine arch\u00e4ologische Komposition, in der sich \u00fcber 400.000 Jahre hinweg Schicht auf Schicht der Kultur entwickelt hat. Die Geschichte ist ebenso faszinierend wie ergreifend: Sie durchl\u00e4uft den Kreislauf von Ankunft, Eroberung, Erstarken und Nachgeben. Jedes neue Kapitel folgt auf das letzte; ein letztes Kapitel ist noch nicht geschrieben worden.<\/p>\n\n\n\n<p class=\"has-text-align-justify animated fadeIn fast\"><strong>PLATZ<\/strong>: In diesen Blogs geht es um die einzigartigen und faszinierenden Orte, die wir entdecken, z. B. eine verlassene Kirche, die wiederbelebt wird, und die Vogelbeobachtung auf den Salzwiesen und in den S\u00fcmpfen der Ria Formosa. Es gibt Blogs \u00fcber unsere Wanderungen auf den rauen Landstra\u00dfen, \u00fcber fr\u00fchmorgendliche L\u00e4ufe an den Str\u00e4nden von Barril und Terra Estreita sowie \u00fcber entspannte Mittagessen an eben diesen Str\u00e4nden. In diesen Blogs berichten wir von unseren gro\u00dfen und kleinen Abenteuern, die unser Leben hier ausmachen.<\/p>\n\n\n\n<div style=\"height:50px\" aria-hidden=\"true\" class=\"wp-block-spacer\"><\/div>\n<\/div><\/div>\n\n\n\n<div class=\"wp-block-cover alignfull is-light animated fadeIn\"><span aria-hidden=\"true\" class=\"wp-block-cover__background has-white-background-color has-background-dim-10 has-background-dim\"><\/span><img data-recalc-dims=\"1\" fetchpriority=\"high\" decoding=\"async\" width=\"950\" height=\"380\" class=\"wp-block-cover__image-background wp-image-337\" alt=\"\" src=\"https:\/\/i0.wp.com\/portugalizar.com\/wp-content\/uploads\/2022\/01\/Tavira-02.png?resize=950%2C380&#038;ssl=1\" style=\"object-position:50% 86%\" data-object-fit=\"cover\" data-object-position=\"50% 86%\" srcset=\"https:\/\/i0.wp.com\/portugalizar.com\/wp-content\/uploads\/2022\/01\/Tavira-02.png?w=2000&amp;ssl=1 2000w, https:\/\/i0.wp.com\/portugalizar.com\/wp-content\/uploads\/2022\/01\/Tavira-02.png?resize=300%2C120&amp;ssl=1 300w, https:\/\/i0.wp.com\/portugalizar.com\/wp-content\/uploads\/2022\/01\/Tavira-02.png?resize=1024%2C410&amp;ssl=1 1024w, https:\/\/i0.wp.com\/portugalizar.com\/wp-content\/uploads\/2022\/01\/Tavira-02.png?resize=768%2C307&amp;ssl=1 768w, https:\/\/i0.wp.com\/portugalizar.com\/wp-content\/uploads\/2022\/01\/Tavira-02.png?resize=1536%2C614&amp;ssl=1 1536w, https:\/\/i0.wp.com\/portugalizar.com\/wp-content\/uploads\/2022\/01\/Tavira-02.png?w=1900&amp;ssl=1 1900w\" sizes=\"(max-width: 950px) 100vw, 950px\" \/><div class=\"wp-block-cover__inner-container is-layout-flow wp-block-cover-is-layout-flow\">\n<p class=\"has-text-align-center has-large-font-size\"><\/p>\n<\/div><\/div>","protected":false},"excerpt":{"rendered":"<p>Wir freuen uns, dass Sie unseren Blog, Portugalizar, besuchen! Dieser Blog ist unser Versuch, mit Ihnen alles zu teilen, was wir \u00fcber das Leben in Portugal gelernt und entdeckt haben. Wir sind begeistert, denn was wir gelernt und entdeckt haben, ist absolut erstaunlich. Innerhalb einer Woche nach unserer Ankunft in Portugal haben wir ... <\/p>\n<p class=\"link-more\"><a href=\"https:\/\/portugalizar.com\/de\/\" class=\"more-link\">Mehr lesen<span class=\"screen-reader-text\"> \"WILLKOMMEN\"<\/span><\/a><\/p>","protected":false},"author":1,"featured_media":0,"parent":0,"menu_order":0,"comment_status":"closed","ping_status":"closed","template":"","meta":{"nf_dc_page":"","om_disable_all_campaigns":false,"_monsterinsights_skip_tracking":false,"_monsterinsights_sitenote_active":false,"_monsterinsights_sitenote_note":"","_monsterinsights_sitenote_category":0,"_themeisle_gutenberg_block_has_review":false,"footnotes":""},"class_list":["post-204","page","type-page","status-publish","hentry"],"yoast_head":"<!-- This site is optimized with the Yoast SEO plugin v27.4 - https:\/\/yoast.com\/product\/yoast-seo-wordpress\/ -->\n<title>WELCOME - PORTUGALIZAR<\/title>\n<meta name=\"robots\" content=\"index, follow, max-snippet:-1, max-image-preview:large, max-video-preview:-1\" \/>\n<link rel=\"canonical\" href=\"https:\/\/portugalizar.com\/de\/\" \/>\n<meta property=\"og:locale\" content=\"de_DE\" \/>\n<meta property=\"og:type\" content=\"article\" \/>\n<meta property=\"og:title\" content=\"WELCOME - PORTUGALIZAR\" \/>\n<meta property=\"og:description\" content=\"We are thrilled that you are visiting our blog, Portugalizar! This blog is our attempt to share with you everything that we have learned and discovered about living in Portugal. We are thrilled because what we have learned and discovered is nothing short of absolutely amazing. Within a week of our arrival in Portugal, we &hellip; Read more &quot;WELCOME&quot;\" \/>\n<meta property=\"og:url\" content=\"https:\/\/portugalizar.com\/de\/\" \/>\n<meta property=\"og:site_name\" content=\"PORTUGALIZAR\" \/>\n<meta property=\"article:modified_time\" content=\"2022-06-04T08:41:41+00:00\" \/>\n<meta property=\"og:image\" content=\"https:\/\/portugalizar.com\/wp-content\/uploads\/2022\/01\/Tavira-02.png\" \/>\n<meta name=\"twitter:card\" content=\"summary_large_image\" \/>\n<meta name=\"twitter:label1\" content=\"Gesch\u00e4tzte Lesezeit\" \/>\n\t<meta name=\"twitter:data1\" content=\"5\u00a0Minuten\" \/>\n<script type=\"application\/ld+json\" class=\"yoast-schema-graph\">{\"@context\":\"https:\\\/\\\/schema.org\",\"@graph\":[{\"@type\":\"WebPage\",\"@id\":\"https:\\\/\\\/portugalizar.com\\\/\",\"url\":\"https:\\\/\\\/portugalizar.com\\\/\",\"name\":\"WELCOME - PORTUGALIZAR\",\"isPartOf\":{\"@id\":\"https:\\\/\\\/portugalizar.com\\\/#website\"},\"primaryImageOfPage\":{\"@id\":\"https:\\\/\\\/portugalizar.com\\\/#primaryimage\"},\"image\":{\"@id\":\"https:\\\/\\\/portugalizar.com\\\/#primaryimage\"},\"thumbnailUrl\":\"https:\\\/\\\/portugalizar.com\\\/wp-content\\\/uploads\\\/2022\\\/01\\\/Tavira-02.png\",\"datePublished\":\"2022-01-07T16:23:30+00:00\",\"dateModified\":\"2022-06-04T08:41:41+00:00\",\"breadcrumb\":{\"@id\":\"https:\\\/\\\/portugalizar.com\\\/#breadcrumb\"},\"inLanguage\":\"de\",\"potentialAction\":[{\"@type\":\"ReadAction\",\"target\":[\"https:\\\/\\\/portugalizar.com\\\/\"]}]},{\"@type\":\"ImageObject\",\"inLanguage\":\"de\",\"@id\":\"https:\\\/\\\/portugalizar.com\\\/#primaryimage\",\"url\":\"https:\\\/\\\/portugalizar.com\\\/wp-content\\\/uploads\\\/2022\\\/01\\\/Tavira-02.png\",\"contentUrl\":\"https:\\\/\\\/portugalizar.com\\\/wp-content\\\/uploads\\\/2022\\\/01\\\/Tavira-02.png\"},{\"@type\":\"BreadcrumbList\",\"@id\":\"https:\\\/\\\/portugalizar.com\\\/#breadcrumb\",\"itemListElement\":[{\"@type\":\"ListItem\",\"position\":1,\"name\":\"Home\",\"item\":\"https:\\\/\\\/portugalizar.com\\\/\"},{\"@type\":\"ListItem\",\"position\":2,\"name\":\"WELCOME\"}]},{\"@type\":\"WebSite\",\"@id\":\"https:\\\/\\\/portugalizar.com\\\/#website\",\"url\":\"https:\\\/\\\/portugalizar.com\\\/\",\"name\":\"PORTUGALIZAR\",\"description\":\"\",\"publisher\":{\"@id\":\"https:\\\/\\\/portugalizar.com\\\/#organization\"},\"potentialAction\":[{\"@type\":\"SearchAction\",\"target\":{\"@type\":\"EntryPoint\",\"urlTemplate\":\"https:\\\/\\\/portugalizar.com\\\/?s={search_term_string}\"},\"query-input\":{\"@type\":\"PropertyValueSpecification\",\"valueRequired\":true,\"valueName\":\"search_term_string\"}}],\"inLanguage\":\"de\"},{\"@type\":\"Organization\",\"@id\":\"https:\\\/\\\/portugalizar.com\\\/#organization\",\"name\":\"PORTUGALIZAR\",\"url\":\"https:\\\/\\\/portugalizar.com\\\/\",\"logo\":{\"@type\":\"ImageObject\",\"inLanguage\":\"de\",\"@id\":\"https:\\\/\\\/portugalizar.com\\\/#\\\/schema\\\/logo\\\/image\\\/\",\"url\":\"\",\"contentUrl\":\"\",\"caption\":\"PORTUGALIZAR\"},\"image\":{\"@id\":\"https:\\\/\\\/portugalizar.com\\\/#\\\/schema\\\/logo\\\/image\\\/\"}}]}<\/script>\n<!-- \/ Yoast SEO plugin. -->","yoast_head_json":{"title":"WILLKOMMEN - PORTUGALIZAR","robots":{"index":"index","follow":"follow","max-snippet":"max-snippet:-1","max-image-preview":"max-image-preview:large","max-video-preview":"max-video-preview:-1"},"canonical":"https:\/\/portugalizar.com\/de\/","og_locale":"de_DE","og_type":"article","og_title":"WELCOME - PORTUGALIZAR","og_description":"We are thrilled that you are visiting our blog, Portugalizar! This blog is our attempt to share with you everything that we have learned and discovered about living in Portugal. We are thrilled because what we have learned and discovered is nothing short of absolutely amazing. Within a week of our arrival in Portugal, we &hellip; Read more \"WELCOME\"","og_url":"https:\/\/portugalizar.com\/de\/","og_site_name":"PORTUGALIZAR","article_modified_time":"2022-06-04T08:41:41+00:00","og_image":[{"url":"https:\/\/portugalizar.com\/wp-content\/uploads\/2022\/01\/Tavira-02.png","type":"","width":"","height":""}],"twitter_card":"summary_large_image","twitter_misc":{"Gesch\u00e4tzte Lesezeit":"5\u00a0Minuten"},"schema":{"@context":"https:\/\/schema.org","@graph":[{"@type":"WebPage","@id":"https:\/\/portugalizar.com\/","url":"https:\/\/portugalizar.com\/","name":"WILLKOMMEN - PORTUGALIZAR","isPartOf":{"@id":"https:\/\/portugalizar.com\/#website"},"primaryImageOfPage":{"@id":"https:\/\/portugalizar.com\/#primaryimage"},"image":{"@id":"https:\/\/portugalizar.com\/#primaryimage"},"thumbnailUrl":"https:\/\/portugalizar.com\/wp-content\/uploads\/2022\/01\/Tavira-02.png","datePublished":"2022-01-07T16:23:30+00:00","dateModified":"2022-06-04T08:41:41+00:00","breadcrumb":{"@id":"https:\/\/portugalizar.com\/#breadcrumb"},"inLanguage":"de","potentialAction":[{"@type":"ReadAction","target":["https:\/\/portugalizar.com\/"]}]},{"@type":"ImageObject","inLanguage":"de","@id":"https:\/\/portugalizar.com\/#primaryimage","url":"https:\/\/portugalizar.com\/wp-content\/uploads\/2022\/01\/Tavira-02.png","contentUrl":"https:\/\/portugalizar.com\/wp-content\/uploads\/2022\/01\/Tavira-02.png"},{"@type":"BreadcrumbList","@id":"https:\/\/portugalizar.com\/#breadcrumb","itemListElement":[{"@type":"ListItem","position":1,"name":"Home","item":"https:\/\/portugalizar.com\/"},{"@type":"ListItem","position":2,"name":"WELCOME"}]},{"@type":"WebSite","@id":"https:\/\/portugalizar.com\/#website","url":"https:\/\/portugalizar.com\/","name":"PORTUGALISCHER","description":"","publisher":{"@id":"https:\/\/portugalizar.com\/#organization"},"potentialAction":[{"@type":"SearchAction","target":{"@type":"EntryPoint","urlTemplate":"https:\/\/portugalizar.com\/?s={search_term_string}"},"query-input":{"@type":"PropertyValueSpecification","valueRequired":true,"valueName":"search_term_string"}}],"inLanguage":"de"},{"@type":"Organization","@id":"https:\/\/portugalizar.com\/#organization","name":"PORTUGALISCHER","url":"https:\/\/portugalizar.com\/","logo":{"@type":"ImageObject","inLanguage":"de","@id":"https:\/\/portugalizar.com\/#\/schema\/logo\/image\/","url":"","contentUrl":"","caption":"PORTUGALIZAR"},"image":{"@id":"https:\/\/portugalizar.com\/#\/schema\/logo\/image\/"}}]}},"jetpack-related-posts":[],"jetpack_sharing_enabled":true,"_links":{"self":[{"href":"https:\/\/portugalizar.com\/de\/wp-json\/wp\/v2\/pages\/204","targetHints":{"allow":["GET"]}}],"collection":[{"href":"https:\/\/portugalizar.com\/de\/wp-json\/wp\/v2\/pages"}],"about":[{"href":"https:\/\/portugalizar.com\/de\/wp-json\/wp\/v2\/types\/page"}],"author":[{"embeddable":true,"href":"https:\/\/portugalizar.com\/de\/wp-json\/wp\/v2\/users\/1"}],"replies":[{"embeddable":true,"href":"https:\/\/portugalizar.com\/de\/wp-json\/wp\/v2\/comments?post=204"}],"version-history":[{"count":5,"href":"https:\/\/portugalizar.com\/de\/wp-json\/wp\/v2\/pages\/204\/revisions"}],"predecessor-version":[{"id":1622,"href":"https:\/\/portugalizar.com\/de\/wp-json\/wp\/v2\/pages\/204\/revisions\/1622"}],"wp:attachment":[{"href":"https:\/\/portugalizar.com\/de\/wp-json\/wp\/v2\/media?parent=204"}],"curies":[{"name":"wp","href":"https:\/\/api.w.org\/{rel}","templated":true}]}}